{"id":3989,"date":"2024-09-12T09:24:43","date_gmt":"2024-09-12T09:24:43","guid":{"rendered":"https:\/\/aseelie.com\/about\/"},"modified":"2024-09-26T08:52:44","modified_gmt":"2024-09-26T08:52:44","slug":"about","status":"publish","type":"page","link":"https:\/\/aseelie.com\/de\/about\/","title":{"rendered":"\u00dcber uns"},"content":{"rendered":"\t\t<div data-elementor-type=\"wp-page\" data-elementor-id=\"3989\" class=\"elementor elementor-3989 elementor-1987\">\n\t\t\t\t\t\t<section class=\"elementor-section elementor-top-section elementor-element elementor-element-4d439a2 elementor-section-boxed elementor-section-height-default elementor-section-height-default\" data-id=\"4d439a2\" data-element_type=\"section\" data-e-type=\"section\" data-settings=\"{&quot;background_background&quot;:&quot;classic&quot;}\">\n\t\t\t\t\t\t<div class=\"elementor-container elementor-column-gap-default\">\n\t\t\t\t\t<div class=\"elementor-column elementor-col-50 elementor-top-column elementor-element elementor-element-4a9a789\" data-id=\"4a9a789\" data-element_type=\"column\" data-e-type=\"column\">\n\t\t\t<div class=\"elementor-widget-wrap elementor-element-populated\">\n\t\t\t\t\t\t<div class=\"elementor-element elementor-element-0694460 elementor-widget elementor-widget-cz_image\" data-id=\"0694460\" data-element_type=\"widget\" data-e-type=\"widget\" data-widget_type=\"cz_image.default\">\n\t\t\t\t<div class=\"elementor-widget-container\">\n\t\t\t\t\t\r\n\t\t<div class=\"cz_image clr cz_image_no_fx center_on_mobile\">\r\n\r\n\t\t\t<div>\r\n\r\n\t\t\t\t<div class=\"cz_image_in\" data-tilt>\r\n\r\n\t\t\t\t\t<div class=\"cz_main_image\"><img fetchpriority=\"high\" decoding=\"async\" width=\"600\" height=\"600\" src=\"data:image\/svg+xml,%3Csvg%20xmlns%3D&#39;http%3A%2F%2Fwww.w3.org%2F2000%2Fsvg&#39;%20width=&#39;600&#39;%20height=&#39;600&#39;%20viewBox%3D&#39;0%200%20600%20600&#39;%2F%3E\" data-czlz data-src=\"https:\/\/aseelie.com\/wp-content\/uploads\/2024\/09\/about.png\" class=\"attachment-full size-full wp-image-3143\" alt=\"\" data-srcset=\"https:\/\/aseelie.com\/wp-content\/uploads\/2024\/09\/about.png 600w, https:\/\/aseelie.com\/wp-content\/uploads\/2024\/09\/about-300x300.png 300w, https:\/\/aseelie.com\/wp-content\/uploads\/2024\/09\/about-150x150.png 150w\" data-sizes=\"(max-width: 600px) 100vw, 600px\" \/><\/div>\r\n\r\n\t\t\t\t\t<div class=\"cz_hover_image\"><img fetchpriority=\"high\" decoding=\"async\" width=\"600\" height=\"600\" src=\"data:image\/svg+xml,%3Csvg%20xmlns%3D&#39;http%3A%2F%2Fwww.w3.org%2F2000%2Fsvg&#39;%20width=&#39;600&#39;%20height=&#39;600&#39;%20viewBox%3D&#39;0%200%20600%20600&#39;%2F%3E\" data-czlz data-src=\"https:\/\/aseelie.com\/wp-content\/uploads\/2024\/09\/about.png\" class=\"attachment-full size-full wp-image-3143\" alt=\"\" data-srcset=\"https:\/\/aseelie.com\/wp-content\/uploads\/2024\/09\/about.png 600w, https:\/\/aseelie.com\/wp-content\/uploads\/2024\/09\/about-300x300.png 300w, https:\/\/aseelie.com\/wp-content\/uploads\/2024\/09\/about-150x150.png 150w\" data-sizes=\"(max-width: 600px) 100vw, 600px\" \/><\/div>\r\n\t\t\t\t<\/div>\r\n\r\n\t\t\t\t<div class=\"cz_image_caption mt10\">Wir unterst\u00fctzen Unternehmen bei der Auswahl geeigneter Fr\u00fcchte f\u00fcr ihre Zwecke.<\/div>\r\n\t\t\t<\/div>\r\n\r\n\t\t<\/div>\r\n\r\n\t\t\t\t\t\t<\/div>\n\t\t\t\t<\/div>\n\t\t\t\t\t<\/div>\n\t\t<\/div>\n\t\t\t\t<div class=\"elementor-column elementor-col-50 elementor-top-column elementor-element elementor-element-92018bb\" data-id=\"92018bb\" data-element_type=\"column\" data-e-type=\"column\">\n\t\t\t<div class=\"elementor-widget-wrap elementor-element-populated\">\n\t\t\t\t\t\t<div class=\"elementor-element elementor-element-ed4b76f elementor-widget elementor-widget-cz_gap\" data-id=\"ed4b76f\" data-element_type=\"widget\" data-e-type=\"widget\" data-widget_type=\"cz_gap.default\">\n\t\t\t\t<div class=\"elementor-widget-container\">\n\t\t\t\t\t<div class=\"cz_gap clr\"><\/div>\t\t\t\t<\/div>\n\t\t\t\t<\/div>\n\t\t\t\t<div class=\"elementor-element elementor-element-4bccfa6 elementor-widget elementor-widget-cz_title\" data-id=\"4bccfa6\" data-element_type=\"widget\" data-e-type=\"widget\" data-widget_type=\"cz_title.default\">\n\t\t\t\t<div class=\"elementor-widget-container\">\n\t\t\t\t\t\t\r\n\t\t<div>\r\n\t\t\t<div class=\"cz_title clr cz_mobile_text_center cz_title_pos_inline\"><div class=\"cz_title_content\"><div class=\"cz_wpe_content\"><h3><span style=\"font-size: 36px;\"><span class=\"cz_highlight_1\" style=\"color: #f57e20;\">Wir haben einen Traum ...<\/span><\/span><\/h3><\/div><\/div><\/div>\r\n\t\t<\/div>\r\n\t\t\r\n\t\t\t\t\t\t<\/div>\n\t\t\t\t<\/div>\n\t\t\t\t<div class=\"elementor-element elementor-element-d8e0fad elementor-widget elementor-widget-cz_title\" data-id=\"d8e0fad\" data-element_type=\"widget\" data-e-type=\"widget\" data-widget_type=\"cz_title.default\">\n\t\t\t\t<div class=\"elementor-widget-container\">\n\t\t\t\t\t\t\r\n\t\t<div>\r\n\t\t\t<div class=\"cz_title clr cz_mobile_text_center cz_title_pos_inline\"><div class=\"cz_title_content\"><div class=\"cz_wpe_content\"><span style=\"text-decoration: underline;\"><em>Ein Traum, der nostalgisch und pers\u00f6nlich ist und Kindheitserinnerungen weckt<\/em><\/span> und der Sie mit dem Essen Ihrer Mutter verbindet, das einen unvergesslichen Geschmack hat und uns alle mit unseren traditionellen Werten verbindet.\n<div class=\"flex max-w-full flex-col flex-grow\">\n<div class=\"min-h-[20px] text-message flex w-full flex-col items-end gap-2 whitespace-normal break-words [.text-message+&amp;]:mt-5\" dir=\"auto\" data-message-author-role=\"assistant\" data-message-id=\"b7d67e49-dee2-4e7f-9a14-5d55e3f25e90\">\n<div class=\"flex w-full flex-col gap-1 empty:hidden first:pt-[3px]\">\n<div class=\"markdown prose w-full break-words dark:prose-invert dark\">\n<div class=\"flex max-w-full flex-col flex-grow\">\n<div class=\"min-h-[20px] text-message flex w-full flex-col items-end gap-2 whitespace-normal break-words [.text-message+&amp;]:mt-5\" dir=\"auto\" data-message-author-role=\"assistant\" data-message-id=\"06efbd54-54fa-4f07-8aeb-fd091aaaea43\">\n<div class=\"flex w-full flex-col gap-1 empty:hidden first:pt-[3px]\">\n<div class=\"markdown prose w-full break-words dark:prose-invert dark\">\n\nALASEEL bietet Fertigmischungen, Gew\u00fcrze, Kr\u00e4uter und Datteln an und legt dabei Wert auf Qualit\u00e4t und moderne Produktion. Durch den Einsatz umweltfreundlicher Maschinen und erstklassiger Materialien gew\u00e4hrleisten sie Hygiene und minimale menschliche Beteiligung, was ihr Engagement f\u00fcr die Kundenzufriedenheit widerspiegelt.\n\n<\/div>\n<\/div>\n<\/div>\n<\/div>\n<\/div>\n<\/div>\n<\/div><\/div><\/div><\/div>\r\n\t\t<\/div>\r\n\t\t\r\n\t\t\t\t\t\t<\/div>\n\t\t\t\t<\/div>\n\t\t\t\t<div class=\"elementor-element elementor-element-5d9b3bf elementor-widget elementor-widget-cz_title\" data-id=\"5d9b3bf\" data-element_type=\"widget\" data-e-type=\"widget\" data-widget_type=\"cz_title.default\">\n\t\t\t\t<div class=\"elementor-widget-container\">\n\t\t\t\t\t\t\r\n\t\t<div>\r\n\t\t\t<div class=\"cz_title clr cz_mobile_text_center cz_title_pos_inline\"><div class=\"cz_title_content\"><div class=\"cz_wpe_content\"><p><strong>ALASEEL Import and Export<\/strong>\u00a0ist ein bekanntes \u00e4gyptisches Unternehmen, das Spices, Kr\u00e4uter, Seide und date-based Waren herstellt. In 2020 gegr\u00fcndet, bietet es frische, hochwertige Produkte von sorgf\u00e4ltig ausgew\u00e4hlten Farmen an. Die Firma betont das Vertrauen und die Zufriedenheit der Kunden, w\u00e4hrend sie gleichzeitig ihre Ressourcen sch\u00fctzt. ALASEEL's Hingabe an die \u00f6kologische Landwirtschaft f\u00f6rdert langfristige Prosperit\u00e4t und nicht schnellen Erfolg. Ihr Angebot umfasst eine Vielzahl von Fruchtalternativen und Graden, die Unternehmen dabei unterst\u00fctzen, die richtigen Fr\u00fcchte f\u00fcr ihre Zwecke auszuw\u00e4hlen.<\/p><\/div><\/div><\/div>\r\n\t\t<\/div>\r\n\t\t\r\n\t\t\t\t\t\t<\/div>\n\t\t\t\t<\/div>\n\t\t\t\t\t<\/div>\n\t\t<\/div>\n\t\t\t\t\t<\/div>\n\t\t<\/section>\n\t\t\t\t<section class=\"elementor-section elementor-top-section elementor-element elementor-element-ad14fa0 elementor-section-stretched elementor-section-boxed elementor-section-height-default elementor-section-height-default\" data-id=\"ad14fa0\" data-element_type=\"section\" data-e-type=\"section\" data-settings=\"{&quot;stretch_section&quot;:&quot;section-stretched&quot;,&quot;background_background&quot;:&quot;classic&quot;}\">\n\t\t\t\t\t\t<div class=\"elementor-container elementor-column-gap-default\">\n\t\t\t\t\t<div class=\"elementor-column elementor-col-100 elementor-top-column elementor-element elementor-element-bfb5985\" data-id=\"bfb5985\" data-element_type=\"column\" data-e-type=\"column\" data-settings=\"{&quot;background_background&quot;:&quot;classic&quot;}\">\n\t\t\t<div class=\"elementor-widget-wrap elementor-element-populated\">\n\t\t\t\t\t\t<div class=\"elementor-element elementor-element-5cd0bcc elementor-widget elementor-widget-cz_gap\" data-id=\"5cd0bcc\" data-element_type=\"widget\" data-e-type=\"widget\" data-widget_type=\"cz_gap.default\">\n\t\t\t\t<div class=\"elementor-widget-container\">\n\t\t\t\t\t<div class=\"cz_gap clr\"><\/div>\t\t\t\t<\/div>\n\t\t\t\t<\/div>\n\t\t\t\t<div class=\"elementor-element elementor-element-4f8f335 elementor-widget elementor-widget-cz_title\" data-id=\"4f8f335\" data-element_type=\"widget\" data-e-type=\"widget\" data-widget_type=\"cz_title.default\">\n\t\t\t\t<div class=\"elementor-widget-container\">\n\t\t\t\t\t\t\r\n\t\t<div>\r\n\t\t\t<div class=\"cz_title clr cz_mobile_text_center cz_title_pos_inline tac\"><div class=\"cz_title_content\"><div class=\"cz_wpe_content\"><h3 style=\"text-align: center;\"><span style=\"font-size: 44px; color: #f57e20;\">Das Wichtigste\u00a0\u00a0<\/span><\/h3><div style=\"text-align: center; line-height: 2; color: #fff;\"><p>Businesses, die dates, herbs, spices und seeds sowohl lokal als auch international anbieten, betonen f\u00fcr ihre Kunden frische, empfindliche, zarte, weiche und geschmackvolle Alternativen. Um wettbewerbsf\u00e4hig zu bleiben, m\u00fcssen Anbieter lernen, wo sie die besten Termine, Kr\u00e4uter, Gew\u00fcrze und Seide finden k\u00f6nnen, um den Kundenbedarf zu erf\u00fcllen.<\/p><\/div><\/div><\/div><\/div>\r\n\t\t<\/div>\r\n\t\t\r\n\t\t\t\t\t\t<\/div>\n\t\t\t\t<\/div>\n\t\t\t\t<div class=\"elementor-element elementor-element-bf49469 elementor-widget elementor-widget-cz_gap\" data-id=\"bf49469\" data-element_type=\"widget\" data-e-type=\"widget\" data-widget_type=\"cz_gap.default\">\n\t\t\t\t<div class=\"elementor-widget-container\">\n\t\t\t\t\t<div class=\"cz_gap clr\"><\/div>\t\t\t\t<\/div>\n\t\t\t\t<\/div>\n\t\t\t\t\t<\/div>\n\t\t<\/div>\n\t\t\t\t\t<\/div>\n\t\t<\/section>\n\t\t\t\t<section class=\"elementor-section elementor-top-section elementor-element elementor-element-bcbf449 elementor-section-content-middle elementor-section-boxed elementor-section-height-default elementor-section-height-default\" data-id=\"bcbf449\" data-element_type=\"section\" data-e-type=\"section\" data-settings=\"{&quot;background_background&quot;:&quot;classic&quot;}\">\n\t\t\t\t\t\t<div class=\"elementor-container elementor-column-gap-default\">\n\t\t\t\t\t<div class=\"elementor-column elementor-col-66 elementor-top-column elementor-element elementor-element-ee9b7b9\" data-id=\"ee9b7b9\" data-element_type=\"column\" data-e-type=\"column\">\n\t\t\t<div class=\"elementor-widget-wrap elementor-element-populated\">\n\t\t\t\t\t\t<div class=\"elementor-element elementor-element-616fb8a elementor-widget elementor-widget-cz_title\" data-id=\"616fb8a\" data-element_type=\"widget\" data-e-type=\"widget\" data-widget_type=\"cz_title.default\">\n\t\t\t\t<div class=\"elementor-widget-container\">\n\t\t\t\t\t\t\r\n\t\t<div>\r\n\t\t\t<div class=\"cz_title clr cz_mobile_text_center cz_title_pos_inline\"><div class=\"cz_title_content\"><div class=\"cz_wpe_content\"><h3><span style=\"font-size: 36px;\"><span class=\"cz_highlight_1\" style=\"color: #f57e20;\">Botschaft des Vorsitzenden<\/span><\/span><\/h3><\/div><\/div><\/div>\r\n\t\t<\/div>\r\n\t\t\r\n\t\t\t\t\t\t<\/div>\n\t\t\t\t<\/div>\n\t\t\t\t<div class=\"elementor-element elementor-element-12db1d5 elementor-widget elementor-widget-cz_title\" data-id=\"12db1d5\" data-element_type=\"widget\" data-e-type=\"widget\" data-widget_type=\"cz_title.default\">\n\t\t\t\t<div class=\"elementor-widget-container\">\n\t\t\t\t\t\t\r\n\t\t<div>\r\n\t\t\t<div class=\"cz_title clr cz_mobile_text_center cz_title_pos_inline\"><div class=\"cz_title_content\"><div class=\"cz_wpe_content\">Bei AL Aseel m\u00f6chten wir unseren Kunden die h\u00f6chsten Qualit\u00e4ts- und Hygienestandards bieten. Unsere Rohstoffe beziehen wir aus den reinsten Ressourcen, unsere hochtechnologischen, umweltfreundlichen Maschinen werden aus ganz Europa importiert, sodass ALASEEL unsere Produkte praktisch von Menschenhand verarbeiten und verpacken kann.\n\nWir sind seit 2020 sowohl Exporteure als auch Importeure in den SEA-Regionen. Die Zufriedenheit unserer Kunden hat f\u00fcr uns oberste Priorit\u00e4t und wir stellen sicher, dass wir das entgegengebrachte Vertrauen mit Respekt und Entschlossenheit verdienen, die besten Ergebnisse zu erzielen.\n\n<ul>\n\n<li>Professioneller Spezialist<\/li>\n\n<li>Brillante Ideen<\/li>\n\n<li>Pr\u00e4zise Ergebnisse<\/li>\n\n<li>Unterst\u00fctzung rund um die Uhr<\/li>\n\n<\/ul><\/div><\/div><\/div>\r\n\t\t<\/div>\r\n\t\t\r\n\t\t\t\t\t\t<\/div>\n\t\t\t\t<\/div>\n\t\t\t\t\t<\/div>\n\t\t<\/div>\n\t\t\t\t<div class=\"elementor-column elementor-col-33 elementor-top-column elementor-element elementor-element-1695270\" data-id=\"1695270\" data-element_type=\"column\" data-e-type=\"column\">\n\t\t\t<div class=\"elementor-widget-wrap elementor-element-populated\">\n\t\t\t\t\t\t<div class=\"elementor-element elementor-element-324b1d3 elementor-widget elementor-widget-cz_image\" data-id=\"324b1d3\" data-element_type=\"widget\" data-e-type=\"widget\" data-widget_type=\"cz_image.default\">\n\t\t\t\t<div class=\"elementor-widget-container\">\n\t\t\t\t\t\r\n\t\t<div class=\"cz_image clr cz_image_no_fx center_on_mobile\">\r\n\r\n\t\t\t<div>\r\n\r\n\t\t\t\t<div class=\"cz_image_in\" data-tilt>\r\n\r\n\t\t\t\t\t<div class=\"cz_main_image\"><img decoding=\"async\" width=\"1080\" height=\"1100\" src=\"data:image\/svg+xml,%3Csvg%20xmlns%3D&#39;http%3A%2F%2Fwww.w3.org%2F2000%2Fsvg&#39;%20width=&#39;1080&#39;%20height=&#39;1100&#39;%20viewBox%3D&#39;0%200%201080%201100&#39;%2F%3E\" data-czlz data-src=\"https:\/\/aseelie.com\/wp-content\/uploads\/2024\/09\/WhatsApp-Image-2024-09-25-at-4.00.33-PM-e1727340130816.jpeg\" class=\"attachment-full size-full wp-image-5096\" alt=\"\" \/><\/div>\r\n\r\n\t\t\t\t\t<div class=\"cz_hover_image\"><img decoding=\"async\" width=\"1080\" height=\"1100\" src=\"data:image\/svg+xml,%3Csvg%20xmlns%3D&#39;http%3A%2F%2Fwww.w3.org%2F2000%2Fsvg&#39;%20width=&#39;1080&#39;%20height=&#39;1100&#39;%20viewBox%3D&#39;0%200%201080%201100&#39;%2F%3E\" data-czlz data-src=\"https:\/\/aseelie.com\/wp-content\/uploads\/2024\/09\/WhatsApp-Image-2024-09-25-at-4.00.33-PM-e1727340130816.jpeg\" class=\"attachment-full size-full wp-image-5096\" alt=\"\" \/><\/div>\r\n\t\t\t\t<\/div>\r\n\r\n\t\t\t\t<div class=\"cz_image_caption mt10\"><p>Herr Ali Aboshnaf<br \/><strong>Vorsitzender &amp; CEO<\/strong><\/p><\/div>\r\n\t\t\t<\/div>\r\n\r\n\t\t<\/div>\r\n\r\n\t\t\t\t\t\t<\/div>\n\t\t\t\t<\/div>\n\t\t\t\t<div class=\"elementor-element elementor-element-201d9cb elementor-widget elementor-widget-cz_gap\" data-id=\"201d9cb\" data-element_type=\"widget\" data-e-type=\"widget\" data-widget_type=\"cz_gap.default\">\n\t\t\t\t<div class=\"elementor-widget-container\">\n\t\t\t\t\t<div class=\"cz_gap clr\"><\/div>\t\t\t\t<\/div>\n\t\t\t\t<\/div>\n\t\t\t\t\t<\/div>\n\t\t<\/div>\n\t\t\t\t\t<\/div>\n\t\t<\/section>\n\t\t\t\t<section class=\"elementor-section elementor-top-section elementor-element elementor-element-72bb8c8 elementor-section-boxed elementor-section-height-default elementor-section-height-default\" data-id=\"72bb8c8\" data-element_type=\"section\" data-e-type=\"section\" data-settings=\"{&quot;background_background&quot;:&quot;classic&quot;}\">\n\t\t\t\t\t\t<div class=\"elementor-container elementor-column-gap-default\">\n\t\t\t\t\t<div class=\"elementor-column elementor-col-100 elementor-top-column elementor-element elementor-element-3af4dd7\" data-id=\"3af4dd7\" data-element_type=\"column\" data-e-type=\"column\">\n\t\t\t<div class=\"elementor-widget-wrap elementor-element-populated\">\n\t\t\t\t\t\t<div class=\"elementor-element elementor-element-a36b1a8 elementor-widget__width-initial elementor-widget elementor-widget-cz_timeline\" data-id=\"a36b1a8\" data-element_type=\"widget\" data-e-type=\"widget\" data-widget_type=\"cz_timeline.default\">\n\t\t\t\t<div class=\"elementor-widget-container\">\n\t\t\t\t\t<section class=\"cz_timeline_container cz_tl_1 cz_a_c\"><div><div class=\"cz_timeline-block elementor-repeater-item-146fa9e cz_tl_left\"><div class=\"cz_timeline-i\" ><i class=\"cz_tl_icon czi czico-057-medal\"><\/i><\/div><div class=\"cz_timeline-content\"><p>Datteln, Kr\u00e4uter, Gew\u00fcrze und Samen aus der j\u00fcngsten Erntezeit m\u00fcssen direkt vom Bauernhof reserviert werden, um diese Delikatesse dem Kunden zu liefern. <br \/>\u2022 Eine intensive Pflege von Datteln, Kr\u00e4utern, Gew\u00fcrzen und Samen ist notwendig, damit ein Unternehmen profitabel ist. Das Pflanzen, Pflegen, Ernten und Warten einer Ernte kann einen erheblichen Zeit- und Arbeitsaufwand erfordern. <br \/>\u2022 Um nachhaltige, nat\u00fcrliche und respektvolle Methoden des \u00f6kologischen Landbaus zu f\u00f6rdern, die im Einklang mit Mutter Natur stehen. <br \/>\u2022 Unseren Kunden weltweit Datteln, Kr\u00e4uter, Gew\u00fcrze und Samen von h\u00f6chster Qualit\u00e4t anzubieten. <br \/>\u2022 Unseren Kunden ein hochwertiges Produkt zu einem wettbewerbsf\u00e4higen Preis anzubieten. <br \/>\u2022 Langfristige Gesch\u00e4ftsbeziehungen mit unseren Kunden aufzubauen, die \u00fcber viele Jahre bestehen.<\/p><span class=\"cz_date\">Unsere Mission<\/span><\/div><\/div><div class=\"cz_timeline-block elementor-repeater-item-25c9b78 cz_tl_right\"><div class=\"cz_timeline-i\" ><i class=\"cz_tl_icon czi czico-030-target-2\"><\/i><\/div><div class=\"cz_timeline-content\"><p><strong>Unser<\/strong> <strong>Slogan<\/strong> <strong>Ist Ihr<\/strong> <strong>Gesch\u00e4ft<\/strong> <strong>in greifbarer<\/strong> <strong>N\u00e4he<\/strong><br \/>ALASEEL Import und Export hat sich durch direkten Zugang und die Teilnahme an Messen eine Pr\u00e4senz auf internationalen M\u00e4rkten erarbeitet. Die Hauptziele des Unternehmens sind es, die Marktbed\u00fcrfnisse zu erf\u00fcllen und die W\u00fcnsche der Verbraucher zu befriedigen. Die Mission besteht darin, neue M\u00e4rkte zu erschlie\u00dfen und der weltweit erste \u00e4gyptische Anbieter zu werden, Vertrauen und Zufriedenheit aufzubauen und gleichzeitig hochwertige Produkte und Dienstleistungen anzubieten.<\/p><span class=\"cz_date\">Unser Ziel<\/span><\/div><\/div><div class=\"cz_timeline-block elementor-repeater-item-328f29b cz_tl_left\"><div class=\"cz_timeline-i\" ><i class=\"cz_tl_icon fas fa-hands-helping\"><\/i><\/div><div class=\"cz_timeline-content\">Al Aseel Import and Export ist ein vertrauensw\u00fcrdiges globales Unternehmen, das in Marokko, China, Indonesien und dar\u00fcber hinaus t\u00e4tig ist.\n\nWir bringen Unternehmen mit zuverl\u00e4ssigen Lieferanten zusammen und sorgen so f\u00fcr hochwertige Produkte und reibungslose Transaktionen.\n\nMit unserer Expertise in Logistik und Compliance helfen wir, Abl\u00e4ufe zu rationalisieren und in internationale M\u00e4rkte zu expandieren.\n\nArbeiten Sie mit uns zusammen, um effiziente, professionelle Import-Export-L\u00f6sungen zu erhalten.\n\n<ul>\n<li>Wir verstehen die Anforderungen.<\/li>\n<li>Wir arbeiten pr\u00e4zise.<\/li>\n<li>Wir liefern die besten Ergebnisse.<\/li>\n<\/ul><span class=\"cz_date\">Wir bieten<\/span><\/div><\/div><\/div><\/section>\t\t\t\t<\/div>\n\t\t\t\t<\/div>\n\t\t\t\t<div class=\"elementor-element elementor-element-eb11086 elementor-widget elementor-widget-cz_gap\" data-id=\"eb11086\" data-element_type=\"widget\" data-e-type=\"widget\" data-widget_type=\"cz_gap.default\">\n\t\t\t\t<div class=\"elementor-widget-container\">\n\t\t\t\t\t<div class=\"cz_gap clr\"><\/div>\t\t\t\t<\/div>\n\t\t\t\t<\/div>\n\t\t\t\t\t<\/div>\n\t\t<\/div>\n\t\t\t\t\t<\/div>\n\t\t<\/section>\n\t\t<div class=\"elementor-element elementor-element-650eebc e-con-full e-flex e-con e-parent\" data-id=\"650eebc\" data-element_type=\"container\" data-e-type=\"container\">\n\t\t\t\t<div class=\"elementor-element elementor-element-d991f5e elementor-widget elementor-widget-cz_title\" data-id=\"d991f5e\" data-element_type=\"widget\" data-e-type=\"widget\" data-widget_type=\"cz_title.default\">\n\t\t\t\t<div class=\"elementor-widget-container\">\n\t\t\t\t\t\t\r\n\t\t<div>\r\n\t\t\t<div class=\"cz_title clr cz_mobile_text_center cz_title_pos_center\"><div class=\"cz_title_content\"><div class=\"cz_wpe_content\"><h2 style=\"text-align: left;\"><strong>Frisch<\/strong> <strong>oder<\/strong> <strong>schlecht<\/strong><\/h2><\/div><\/div><\/div>\r\n\t\t<\/div>\r\n\t\t\r\n\t\t\t\t\t\t<\/div>\n\t\t\t\t<\/div>\n\t\t\t\t<div class=\"elementor-element elementor-element-9b02e38 elementor-widget elementor-widget-cz_title\" data-id=\"9b02e38\" data-element_type=\"widget\" data-e-type=\"widget\" data-widget_type=\"cz_title.default\">\n\t\t\t\t<div class=\"elementor-widget-container\">\n\t\t\t\t\t\t\r\n\t\t<div>\r\n\t\t\t<div class=\"cz_title clr cz_mobile_text_center cz_title_pos_center\"><div class=\"cz_title_content\"><div class=\"cz_wpe_content\"><p>Die Qualit\u00e4t und Frische von Gew\u00fcrzen sind wichtig.<\/p><\/div><\/div><\/div>\r\n\t\t<\/div>\r\n\t\t\r\n\t\t\t\t\t\t<\/div>\n\t\t\t\t<\/div>\n\t\t\t\t<div class=\"elementor-element elementor-element-283b557 elementor-widget elementor-widget-cz_stylish_list\" data-id=\"283b557\" data-element_type=\"widget\" data-e-type=\"widget\" data-widget_type=\"cz_stylish_list.default\">\n\t\t\t\t<div class=\"elementor-widget-container\">\n\t\t\t\t\t<ul class=\"cz_stylish_list clr cz_sl_icon_hover_zoom_in\"><li class=\"elementor-repeater-item-bab8879 clr\"><div class=\"cz_sl_icon\"><i class=\"mr10 fas fa-angle-right\"><\/i><\/div><div><span>Eink\u00e4ufe vor Ort verbessern die Qualit\u00e4t und den Geschmack. <\/span><\/div><\/li><li class=\"elementor-repeater-item-e4d4627 clr\"><div class=\"cz_sl_icon\"><i class=\"mr10 fas fa-angle-right\"><\/i><\/div><div><span>Farbe, Duft, Verpackung und Sauberkeit beeinflussen alle die Frische. <\/span><\/div><\/li><li class=\"elementor-repeater-item-505704a clr\"><div class=\"cz_sl_icon\"><i class=\"mr10 fas fa-angle-right\"><\/i><\/div><div><span>Transparente Verpackungen helfen dabei, Schimmel und Farbver\u00e4nderungen zu erkennen<\/span><\/div><\/li><li class=\"elementor-repeater-item-916129c clr\"><div class=\"cz_sl_icon\"><i class=\"mr10 fas fa-angle-right\"><\/i><\/div><div><span>Sorgen Sie f\u00fcr Sauberkeit, indem Sie ganze Gew\u00fcrze und Pulver verwenden<\/span><\/div><\/li><li class=\"elementor-repeater-item-e6a8b74 clr\"><div class=\"cz_sl_icon\"><i class=\"mr10 fas fa-angle-right\"><\/i><\/div><div><span>Vermeiden Sie Datteln mit Zuckerkristallen auf der Oberfl\u00e4che, um die Qualit\u00e4t sicherzustellen<\/span><\/div><\/li><li class=\"elementor-repeater-item-4754833 clr\"><div class=\"cz_sl_icon\"><i class=\"mr10 fas fa-angle-right\"><\/i><\/div><div><span>Ein fieberhafter Farbton deutet auf schlechte Qualit\u00e4t hin, w\u00e4hrend ein kr\u00e4ftiges Aroma auf hohe Qualit\u00e4t hindeutet<\/span><\/div><\/li><\/ul>\t\t\t\t<\/div>\n\t\t\t\t<\/div>\n\t\t\t\t<\/div>\n\t\t\t\t<\/div>\n\t\t","protected":false},"excerpt":{"rendered":"<p>Wir unterst\u00fctzen Unternehmen bei der Auswahl geeigneter Fr\u00fcchte f\u00fcr ihre Zwecke. &#8230; <\/p>\n","protected":false},"author":1,"featured_media":0,"parent":0,"menu_order":0,"comment_status":"closed","ping_status":"closed","template":"","meta":{"footnotes":""},"class_list":["post-3989","page","type-page","status-publish","hentry"],"_links":{"self":[{"href":"https:\/\/aseelie.com\/de\/wp-json\/wp\/v2\/pages\/3989","targetHints":{"allow":["GET"]}}],"collection":[{"href":"https:\/\/aseelie.com\/de\/wp-json\/wp\/v2\/pages"}],"about":[{"href":"https:\/\/aseelie.com\/de\/wp-json\/wp\/v2\/types\/page"}],"author":[{"embeddable":true,"href":"https:\/\/aseelie.com\/de\/wp-json\/wp\/v2\/users\/1"}],"replies":[{"embeddable":true,"href":"https:\/\/aseelie.com\/de\/wp-json\/wp\/v2\/comments?post=3989"}],"version-history":[{"count":10,"href":"https:\/\/aseelie.com\/de\/wp-json\/wp\/v2\/pages\/3989\/revisions"}],"predecessor-version":[{"id":5151,"href":"https:\/\/aseelie.com\/de\/wp-json\/wp\/v2\/pages\/3989\/revisions\/5151"}],"wp:attachment":[{"href":"https:\/\/aseelie.com\/de\/wp-json\/wp\/v2\/media?parent=3989"}],"curies":[{"name":"wp","href":"https:\/\/api.w.org\/{rel}","templated":true}]}}