{"id":4021,"date":"2024-09-23T10:41:39","date_gmt":"2024-09-23T10:41:39","guid":{"rendered":"https:\/\/aseelie.com\/harvesting\/"},"modified":"2024-09-25T10:06:20","modified_gmt":"2024-09-25T10:06:20","slug":"harvesting","status":"publish","type":"page","link":"https:\/\/aseelie.com\/de\/harvesting\/","title":{"rendered":"Ernte"},"content":{"rendered":"\t\t<div data-elementor-type=\"wp-page\" data-elementor-id=\"4021\" class=\"elementor elementor-4021 elementor-3269\">\n\t\t\t\t\t\t<section class=\"elementor-section elementor-top-section elementor-element elementor-element-5656330 elementor-section-stretched elementor-section-boxed elementor-section-height-default elementor-section-height-default\" data-id=\"5656330\" data-element_type=\"section\" data-e-type=\"section\" data-settings=\"{&quot;stretch_section&quot;:&quot;section-stretched&quot;,&quot;background_background&quot;:&quot;gradient&quot;}\">\n\t\t\t\t\t\t<div class=\"elementor-container elementor-column-gap-default\">\n\t\t\t\t\t<div class=\"elementor-column elementor-col-100 elementor-top-column elementor-element elementor-element-d895b2a\" data-id=\"d895b2a\" data-element_type=\"column\" data-e-type=\"column\">\n\t\t\t<div class=\"elementor-widget-wrap elementor-element-populated\">\n\t\t\t\t\t\t<div class=\"elementor-element elementor-element-19ee3d5 elementor-widget elementor-widget-cz_gap\" data-id=\"19ee3d5\" data-element_type=\"widget\" data-e-type=\"widget\" data-widget_type=\"cz_gap.default\">\n\t\t\t\t<div class=\"elementor-widget-container\">\n\t\t\t\t\t<div class=\"cz_gap clr\"><\/div>\t\t\t\t<\/div>\n\t\t\t\t<\/div>\n\t\t\t\t<section class=\"elementor-section elementor-inner-section elementor-element elementor-element-e0c2772 elementor-section-content-middle elementor-section-boxed elementor-section-height-default elementor-section-height-default\" data-id=\"e0c2772\" data-element_type=\"section\" data-e-type=\"section\">\n\t\t\t\t\t\t<div class=\"elementor-container elementor-column-gap-default\">\n\t\t\t\t\t<div class=\"elementor-column elementor-col-50 elementor-inner-column elementor-element elementor-element-b3a5d59\" data-id=\"b3a5d59\" data-element_type=\"column\" data-e-type=\"column\">\n\t\t\t<div class=\"elementor-widget-wrap elementor-element-populated\">\n\t\t\t\t\t\t<div class=\"elementor-element elementor-element-cba29a9 elementor-widget elementor-widget-cz_title\" data-id=\"cba29a9\" data-element_type=\"widget\" data-e-type=\"widget\" data-widget_type=\"cz_title.default\">\n\t\t\t\t<div class=\"elementor-widget-container\">\n\t\t\t\t\t\t\r\n\t\t<div>\r\n\t\t\t<div class=\"cz_title clr cz_mobile_text_center cz_title_pos_inline\"><div class=\"cz_title_content\"><div class=\"cz_wpe_content\"><h3><span style=\"font-size: 42px; color: #285e46;\">Ernte<\/span><\/h3><\/div><\/div><\/div>\r\n\t\t<\/div>\r\n\t\t\r\n\t\t\t\t\t\t<\/div>\n\t\t\t\t<\/div>\n\t\t\t\t<div class=\"elementor-element elementor-element-3a996fe elementor-widget elementor-widget-cz_title\" data-id=\"3a996fe\" data-element_type=\"widget\" data-e-type=\"widget\" data-widget_type=\"cz_title.default\">\n\t\t\t\t<div class=\"elementor-widget-container\">\n\t\t\t\t\t\t\r\n\t\t<div>\r\n\t\t\t<div class=\"cz_title clr cz_mobile_text_center cz_title_pos_inline\"><div class=\"cz_title_content\"><div class=\"cz_wpe_content\">\u00c4gypten hat ein warmes Klima, zuverl\u00e4ssige Wasserquellen und weite Teile au\u00dfergew\u00f6hnlich fruchtbaren Bodens. Das gem\u00e4\u00dfigte Klima des Landes erm\u00f6glicht zudem zwei sich erg\u00e4nzende Wachstumsperioden im Sommer und Winter, was Al Aseel einen Wettbewerbsvorteil gegen\u00fcber anderen Produzenten auf unserem Markt verschafft.<\/div><\/div><\/div>\r\n\t\t<\/div>\r\n\t\t\r\n\t\t\t\t\t\t<\/div>\n\t\t\t\t<\/div>\n\t\t\t\t\t<\/div>\n\t\t<\/div>\n\t\t\t\t<div class=\"elementor-column elementor-col-50 elementor-inner-column elementor-element elementor-element-6292715\" data-id=\"6292715\" data-element_type=\"column\" data-e-type=\"column\">\n\t\t\t<div class=\"elementor-widget-wrap elementor-element-populated\">\n\t\t\t\t\t\t<div class=\"elementor-element elementor-element-cb378e4 elementor-widget elementor-widget-cz_image\" data-id=\"cb378e4\" data-element_type=\"widget\" data-e-type=\"widget\" data-widget_type=\"cz_image.default\">\n\t\t\t\t<div class=\"elementor-widget-container\">\n\t\t\t\t\t\r\n\t\t<div class=\"cz_image clr cz_image_no_fx center_on_mobile\">\r\n\r\n\t\t\t<div>\r\n\r\n\t\t\t\t<div class=\"cz_image_in\">\r\n\r\n\t\t\t\t\t<div class=\"cz_main_image\"><img fetchpriority=\"high\" decoding=\"async\" width=\"2400\" height=\"1350\" src=\"data:image\/svg+xml,%3Csvg%20xmlns%3D&#39;http%3A%2F%2Fwww.w3.org%2F2000%2Fsvg&#39;%20width=&#39;2400&#39;%20height=&#39;1350&#39;%20viewBox%3D&#39;0%200%202400%201350&#39;%2F%3E\" data-czlz data-src=\"https:\/\/aseelie.com\/wp-content\/uploads\/2024\/09\/Egypt-farmer-harvest.jpg\" class=\"attachment-full size-full wp-image-3271\" alt=\"\" data-srcset=\"https:\/\/aseelie.com\/wp-content\/uploads\/2024\/09\/Egypt-farmer-harvest.jpg 2400w, https:\/\/aseelie.com\/wp-content\/uploads\/2024\/09\/Egypt-farmer-harvest-300x169.jpg 300w, https:\/\/aseelie.com\/wp-content\/uploads\/2024\/09\/Egypt-farmer-harvest-1024x576.jpg 1024w, https:\/\/aseelie.com\/wp-content\/uploads\/2024\/09\/Egypt-farmer-harvest-768x432.jpg 768w, https:\/\/aseelie.com\/wp-content\/uploads\/2024\/09\/Egypt-farmer-harvest-1536x864.jpg 1536w, https:\/\/aseelie.com\/wp-content\/uploads\/2024\/09\/Egypt-farmer-harvest-2048x1152.jpg 2048w, https:\/\/aseelie.com\/wp-content\/uploads\/2024\/09\/Egypt-farmer-harvest-600x338.jpg 600w\" data-sizes=\"(max-width: 2400px) 100vw, 2400px\" \/><\/div>\r\n\r\n\t\t\t\t\t<div class=\"cz_hover_image\"><img fetchpriority=\"high\" decoding=\"async\" width=\"2400\" height=\"1350\" src=\"data:image\/svg+xml,%3Csvg%20xmlns%3D&#39;http%3A%2F%2Fwww.w3.org%2F2000%2Fsvg&#39;%20width=&#39;2400&#39;%20height=&#39;1350&#39;%20viewBox%3D&#39;0%200%202400%201350&#39;%2F%3E\" data-czlz data-src=\"https:\/\/aseelie.com\/wp-content\/uploads\/2024\/09\/Egypt-farmer-harvest.jpg\" class=\"attachment-full size-full wp-image-3271\" alt=\"\" data-srcset=\"https:\/\/aseelie.com\/wp-content\/uploads\/2024\/09\/Egypt-farmer-harvest.jpg 2400w, https:\/\/aseelie.com\/wp-content\/uploads\/2024\/09\/Egypt-farmer-harvest-300x169.jpg 300w, https:\/\/aseelie.com\/wp-content\/uploads\/2024\/09\/Egypt-farmer-harvest-1024x576.jpg 1024w, https:\/\/aseelie.com\/wp-content\/uploads\/2024\/09\/Egypt-farmer-harvest-768x432.jpg 768w, https:\/\/aseelie.com\/wp-content\/uploads\/2024\/09\/Egypt-farmer-harvest-1536x864.jpg 1536w, https:\/\/aseelie.com\/wp-content\/uploads\/2024\/09\/Egypt-farmer-harvest-2048x1152.jpg 2048w, https:\/\/aseelie.com\/wp-content\/uploads\/2024\/09\/Egypt-farmer-harvest-600x338.jpg 600w\" data-sizes=\"(max-width: 2400px) 100vw, 2400px\" \/><\/div>\r\n\t\t\t\t<\/div>\r\n\r\n\t\t\t\t\r\n\t\t\t<\/div>\r\n\r\n\t\t<\/div>\r\n\r\n\t\t\t\t\t\t<\/div>\n\t\t\t\t<\/div>\n\t\t\t\t<div class=\"elementor-element elementor-element-42df8a0 elementor-absolute elementor-widget elementor-widget-cz_image\" data-id=\"42df8a0\" data-element_type=\"widget\" data-e-type=\"widget\" data-settings=\"{&quot;_position&quot;:&quot;absolute&quot;}\" data-widget_type=\"cz_image.default\">\n\t\t\t\t<div class=\"elementor-widget-container\">\n\t\t\t\t\t<div class=\"cz_mparallax_-2\"><div class=\"clr cz_parallax_v_2\">\r\n\t\t<div class=\"cz_image clr cz_image_no_fx center_on_mobile\">\r\n\r\n\t\t\t<div>\r\n\r\n\t\t\t\t<div class=\"cz_image_in\">\r\n\r\n\t\t\t\t\t<div class=\"cz_main_image\"><img decoding=\"async\" src=\"data:image\/svg+xml,%3Csvg%20xmlns%3D&#39;http%3A%2F%2Fwww.w3.org%2F2000%2Fsvg&#39;%20width=&#39;_w_&#39;%20height=&#39;_h_&#39;%20viewBox%3D&#39;0%200%20_w_%20_h_&#39;%2F%3E\" data-czlz data-src=\"https:\/\/aseelie.com\/wp-content\/uploads\/2022\/07\/shape1.png\" title=\"\" alt=\"\" loading=\"lazy\" \/><\/div>\r\n\r\n\t\t\t\t\t<div class=\"cz_hover_image\"><img decoding=\"async\" src=\"data:image\/svg+xml,%3Csvg%20xmlns%3D&#39;http%3A%2F%2Fwww.w3.org%2F2000%2Fsvg&#39;%20width=&#39;_w_&#39;%20height=&#39;_h_&#39;%20viewBox%3D&#39;0%200%20_w_%20_h_&#39;%2F%3E\" data-czlz data-src=\"https:\/\/aseelie.com\/wp-content\/uploads\/2022\/07\/shape1.png\" title=\"\" alt=\"\" loading=\"lazy\" \/><\/div>\r\n\t\t\t\t<\/div>\r\n\r\n\t\t\t\t\r\n\t\t\t<\/div>\r\n\r\n\t\t<\/div>\r\n\r\n\t\t<\/div><\/div>\t\t\t\t<\/div>\n\t\t\t\t<\/div>\n\t\t\t\t<div class=\"elementor-element elementor-element-427e52d elementor-absolute elementor-widget elementor-widget-cz_image\" data-id=\"427e52d\" data-element_type=\"widget\" data-e-type=\"widget\" data-settings=\"{&quot;_position&quot;:&quot;absolute&quot;}\" data-widget_type=\"cz_image.default\">\n\t\t\t\t<div class=\"elementor-widget-container\">\n\t\t\t\t\t<div class=\"cz_mparallax_3\"><div class=\"clr cz_parallax_v_-2\">\r\n\t\t<div class=\"cz_image clr cz_image_no_fx center_on_mobile\">\r\n\r\n\t\t\t<div>\r\n\r\n\t\t\t\t<div class=\"cz_image_in\">\r\n\r\n\t\t\t\t\t<div class=\"cz_main_image\"><img decoding=\"async\" src=\"data:image\/svg+xml,%3Csvg%20xmlns%3D&#39;http%3A%2F%2Fwww.w3.org%2F2000%2Fsvg&#39;%20width=&#39;_w_&#39;%20height=&#39;_h_&#39;%20viewBox%3D&#39;0%200%20_w_%20_h_&#39;%2F%3E\" data-czlz data-src=\"https:\/\/aseelie.com\/wp-content\/uploads\/2022\/07\/shape2.png\" title=\"\" alt=\"\" loading=\"lazy\" \/><\/div>\r\n\r\n\t\t\t\t\t<div class=\"cz_hover_image\"><img decoding=\"async\" src=\"data:image\/svg+xml,%3Csvg%20xmlns%3D&#39;http%3A%2F%2Fwww.w3.org%2F2000%2Fsvg&#39;%20width=&#39;_w_&#39;%20height=&#39;_h_&#39;%20viewBox%3D&#39;0%200%20_w_%20_h_&#39;%2F%3E\" data-czlz data-src=\"https:\/\/aseelie.com\/wp-content\/uploads\/2022\/07\/shape2.png\" title=\"\" alt=\"\" loading=\"lazy\" \/><\/div>\r\n\t\t\t\t<\/div>\r\n\r\n\t\t\t\t\r\n\t\t\t<\/div>\r\n\r\n\t\t<\/div>\r\n\r\n\t\t<\/div><\/div>\t\t\t\t<\/div>\n\t\t\t\t<\/div>\n\t\t\t\t<div class=\"elementor-element elementor-element-39bdffc elementor-absolute elementor-widget elementor-widget-cz_image\" data-id=\"39bdffc\" data-element_type=\"widget\" data-e-type=\"widget\" data-settings=\"{&quot;_position&quot;:&quot;absolute&quot;}\" data-widget_type=\"cz_image.default\">\n\t\t\t\t<div class=\"elementor-widget-container\">\n\t\t\t\t\t<div class=\"cz_mparallax_2\"><div class=\"clr cz_parallax_v_3\">\r\n\t\t<div class=\"cz_image clr cz_image_no_fx\">\r\n\r\n\t\t\t<div>\r\n\r\n\t\t\t\t<div class=\"cz_image_in\">\r\n\r\n\t\t\t\t\t<div class=\"cz_main_image\"><img decoding=\"async\" src=\"data:image\/svg+xml,%3Csvg%20xmlns%3D&#39;http%3A%2F%2Fwww.w3.org%2F2000%2Fsvg&#39;%20width=&#39;_w_&#39;%20height=&#39;_h_&#39;%20viewBox%3D&#39;0%200%20_w_%20_h_&#39;%2F%3E\" data-czlz data-src=\"https:\/\/aseelie.com\/wp-content\/uploads\/2022\/07\/shape3.png\" title=\"\" alt=\"\" loading=\"lazy\" \/><\/div>\r\n\r\n\t\t\t\t\t<div class=\"cz_hover_image\"><img decoding=\"async\" src=\"data:image\/svg+xml,%3Csvg%20xmlns%3D&#39;http%3A%2F%2Fwww.w3.org%2F2000%2Fsvg&#39;%20width=&#39;_w_&#39;%20height=&#39;_h_&#39;%20viewBox%3D&#39;0%200%20_w_%20_h_&#39;%2F%3E\" data-czlz data-src=\"https:\/\/aseelie.com\/wp-content\/uploads\/2022\/07\/shape3.png\" title=\"\" alt=\"\" loading=\"lazy\" \/><\/div>\r\n\t\t\t\t<\/div>\r\n\r\n\t\t\t\t\r\n\t\t\t<\/div>\r\n\r\n\t\t<\/div>\r\n\r\n\t\t<\/div><\/div>\t\t\t\t<\/div>\n\t\t\t\t<\/div>\n\t\t\t\t\t<\/div>\n\t\t<\/div>\n\t\t\t\t\t<\/div>\n\t\t<\/section>\n\t\t\t\t<div class=\"elementor-element elementor-element-2826201 elementor-widget elementor-widget-cz_gap\" data-id=\"2826201\" data-element_type=\"widget\" data-e-type=\"widget\" data-widget_type=\"cz_gap.default\">\n\t\t\t\t<div class=\"elementor-widget-container\">\n\t\t\t\t\t<div class=\"cz_gap clr\"><\/div>\t\t\t\t<\/div>\n\t\t\t\t<\/div>\n\t\t\t\t\t<\/div>\n\t\t<\/div>\n\t\t\t\t\t<\/div>\n\t\t<\/section>\n\t\t\t\t<section class=\"elementor-section elementor-top-section elementor-element elementor-element-ac3b5c8 elementor-section-boxed elementor-section-height-default elementor-section-height-default\" data-id=\"ac3b5c8\" data-element_type=\"section\" data-e-type=\"section\">\n\t\t\t\t\t\t<div class=\"elementor-container elementor-column-gap-default\">\n\t\t\t\t\t<div class=\"elementor-column elementor-col-33 elementor-top-column elementor-element elementor-element-ede35e4\" data-id=\"ede35e4\" data-element_type=\"column\" data-e-type=\"column\">\n\t\t\t<div class=\"elementor-widget-wrap\">\n\t\t\t\t\t\t\t<\/div>\n\t\t<\/div>\n\t\t\t\t<div class=\"elementor-column elementor-col-33 elementor-top-column elementor-element elementor-element-f5c68b8\" data-id=\"f5c68b8\" data-element_type=\"column\" data-e-type=\"column\">\n\t\t\t<div class=\"elementor-widget-wrap\">\n\t\t\t\t\t\t\t<\/div>\n\t\t<\/div>\n\t\t\t\t<div class=\"elementor-column elementor-col-33 elementor-top-column elementor-element elementor-element-db6c465\" data-id=\"db6c465\" data-element_type=\"column\" data-e-type=\"column\">\n\t\t\t<div class=\"elementor-widget-wrap\">\n\t\t\t\t\t\t\t<\/div>\n\t\t<\/div>\n\t\t\t\t\t<\/div>\n\t\t<\/section>\n\t\t\t\t<section class=\"elementor-section elementor-top-section elementor-element elementor-element-84b4b66 elementor-section-boxed elementor-section-height-default elementor-section-height-default\" data-id=\"84b4b66\" data-element_type=\"section\" data-e-type=\"section\">\n\t\t\t\t\t\t<div class=\"elementor-container elementor-column-gap-default\">\n\t\t\t\t\t<div class=\"elementor-column elementor-col-100 elementor-top-column elementor-element elementor-element-f74da80\" data-id=\"f74da80\" data-element_type=\"column\" data-e-type=\"column\">\n\t\t\t<div class=\"elementor-widget-wrap elementor-element-populated\">\n\t\t\t\t\t\t<div class=\"elementor-element elementor-element-34940c7 elementor-widget elementor-widget-cz_gap\" data-id=\"34940c7\" data-element_type=\"widget\" data-e-type=\"widget\" data-widget_type=\"cz_gap.default\">\n\t\t\t\t<div class=\"elementor-widget-container\">\n\t\t\t\t\t<div class=\"cz_gap clr\"><\/div>\t\t\t\t<\/div>\n\t\t\t\t<\/div>\n\t\t\t\t\t<\/div>\n\t\t<\/div>\n\t\t\t\t\t<\/div>\n\t\t<\/section>\n\t\t\t\t<section class=\"elementor-section elementor-top-section elementor-element elementor-element-dac46f0 elementor-section-boxed elementor-section-height-default elementor-section-height-default\" data-id=\"dac46f0\" data-element_type=\"section\" data-e-type=\"section\">\n\t\t\t\t\t\t<div class=\"elementor-container elementor-column-gap-default\">\n\t\t\t\t\t<div class=\"elementor-column elementor-col-100 elementor-top-column elementor-element elementor-element-2cc0cdc\" data-id=\"2cc0cdc\" data-element_type=\"column\" data-e-type=\"column\">\n\t\t\t<div class=\"elementor-widget-wrap elementor-element-populated\">\n\t\t\t\t\t\t<div class=\"elementor-element elementor-element-73a399e elementor-widget elementor-widget-cz_title\" data-id=\"73a399e\" data-element_type=\"widget\" data-e-type=\"widget\" data-widget_type=\"cz_title.default\">\n\t\t\t\t<div class=\"elementor-widget-container\">\n\t\t\t\t\t\t\r\n\t\t<div>\r\n\t\t\t<div class=\"cz_title clr cz_title_pos_inline tac\"><div class=\"cz_title_content\"><div class=\"cz_wpe_content\"><h3 style=\"text-align: center;\">Ernte-<span style=\"color: #285e46;\">Tabelle<\/span><\/h3><\/div><\/div><\/div>\r\n\t\t<\/div>\r\n\t\t\r\n\t\t\t\t\t\t<\/div>\n\t\t\t\t<\/div>\n\t\t\t\t<div class=\"elementor-element elementor-element-25b447e elementor-widget elementor-widget-cz_title\" data-id=\"25b447e\" data-element_type=\"widget\" data-e-type=\"widget\" data-widget_type=\"cz_title.default\">\n\t\t\t\t<div class=\"elementor-widget-container\">\n\t\t\t\t\t\t\r\n\t\t<div>\r\n\t\t\t<div class=\"cz_title clr cz_title_pos_inline tac\"><div class=\"cz_title_content\"><div class=\"cz_wpe_content\"><p style=\"text-align: center;\">\u00c4gyptens Klima, Al Aseels Vorteil.<\/p><\/div><\/div><\/div>\r\n\t\t<\/div>\r\n\t\t\r\n\t\t\t\t\t\t<\/div>\n\t\t\t\t<\/div>\n\t\t\t\t<div class=\"elementor-element elementor-element-11cc20e elementor-widget elementor-widget-image\" data-id=\"11cc20e\" data-element_type=\"widget\" data-e-type=\"widget\" data-widget_type=\"image.default\">\n\t\t\t\t<div class=\"elementor-widget-container\">\n\t\t\t\t\t\t\t\t\t\t\t\t\t\t\t<img decoding=\"async\" width=\"1481\" height=\"857\" src=\"data:image\/svg+xml,%3Csvg%20xmlns%3D&#39;http%3A%2F%2Fwww.w3.org%2F2000%2Fsvg&#39;%20width=&#39;1481&#39;%20height=&#39;857&#39;%20viewBox%3D&#39;0%200%201481%20857&#39;%2F%3E\" data-czlz data-src=\"https:\/\/aseelie.com\/wp-content\/uploads\/2024\/09\/harvesting_pages-to-jpg-0002.jpg\" class=\"attachment-full size-full wp-image-3272\" alt=\"\" data-srcset=\"https:\/\/aseelie.com\/wp-content\/uploads\/2024\/09\/harvesting_pages-to-jpg-0002.jpg 1481w, https:\/\/aseelie.com\/wp-content\/uploads\/2024\/09\/harvesting_pages-to-jpg-0002-300x174.jpg 300w, https:\/\/aseelie.com\/wp-content\/uploads\/2024\/09\/harvesting_pages-to-jpg-0002-1024x593.jpg 1024w, https:\/\/aseelie.com\/wp-content\/uploads\/2024\/09\/harvesting_pages-to-jpg-0002-768x444.jpg 768w, https:\/\/aseelie.com\/wp-content\/uploads\/2024\/09\/harvesting_pages-to-jpg-0002-600x347.jpg 600w\" data-sizes=\"(max-width: 1481px) 100vw, 1481px\" \/>\t\t\t\t\t\t\t\t\t\t\t\t\t\t\t<\/div>\n\t\t\t\t<\/div>\n\t\t\t\t\t<\/div>\n\t\t<\/div>\n\t\t\t\t\t<\/div>\n\t\t<\/section>\n\t\t\t\t<section class=\"elementor-section elementor-top-section elementor-element elementor-element-e184425 elementor-section-boxed elementor-section-height-default elementor-section-height-default\" data-id=\"e184425\" data-element_type=\"section\" data-e-type=\"section\">\n\t\t\t\t\t\t<div class=\"elementor-container elementor-column-gap-default\">\n\t\t\t\t\t<div class=\"elementor-column elementor-col-100 elementor-top-column elementor-element elementor-element-84cfc5c\" data-id=\"84cfc5c\" data-element_type=\"column\" data-e-type=\"column\">\n\t\t\t<div class=\"elementor-widget-wrap elementor-element-populated\">\n\t\t\t\t\t\t<div class=\"elementor-element elementor-element-d21f0e9 elementor-widget elementor-widget-cz_gap\" data-id=\"d21f0e9\" data-element_type=\"widget\" data-e-type=\"widget\" data-widget_type=\"cz_gap.default\">\n\t\t\t\t<div class=\"elementor-widget-container\">\n\t\t\t\t\t<div class=\"cz_gap clr\"><\/div>\t\t\t\t<\/div>\n\t\t\t\t<\/div>\n\t\t\t\t\t<\/div>\n\t\t<\/div>\n\t\t\t\t\t<\/div>\n\t\t<\/section>\n\t\t\t\t<\/div>\n\t\t","protected":false},"excerpt":{"rendered":"<p>Ernte \u00c4gypten hat ein warmes Klima, zuverl\u00e4ssige Wasserquellen und weite Teile &#8230; <\/p>\n","protected":false},"author":1,"featured_media":0,"parent":0,"menu_order":0,"comment_status":"closed","ping_status":"closed","template":"","meta":{"footnotes":""},"class_list":["post-4021","page","type-page","status-publish","hentry"],"_links":{"self":[{"href":"https:\/\/aseelie.com\/de\/wp-json\/wp\/v2\/pages\/4021","targetHints":{"allow":["GET"]}}],"collection":[{"href":"https:\/\/aseelie.com\/de\/wp-json\/wp\/v2\/pages"}],"about":[{"href":"https:\/\/aseelie.com\/de\/wp-json\/wp\/v2\/types\/page"}],"author":[{"embeddable":true,"href":"https:\/\/aseelie.com\/de\/wp-json\/wp\/v2\/users\/1"}],"replies":[{"embeddable":true,"href":"https:\/\/aseelie.com\/de\/wp-json\/wp\/v2\/comments?post=4021"}],"version-history":[{"count":3,"href":"https:\/\/aseelie.com\/de\/wp-json\/wp\/v2\/pages\/4021\/revisions"}],"predecessor-version":[{"id":4838,"href":"https:\/\/aseelie.com\/de\/wp-json\/wp\/v2\/pages\/4021\/revisions\/4838"}],"wp:attachment":[{"href":"https:\/\/aseelie.com\/de\/wp-json\/wp\/v2\/media?parent=4021"}],"curies":[{"name":"wp","href":"https:\/\/api.w.org\/{rel}","templated":true}]}}