{"id":4058,"date":"2017-06-10T08:24:41","date_gmt":"2017-06-10T08:24:41","guid":{"rendered":"https:\/\/aseelie.com\/quality-control\/"},"modified":"2024-09-25T10:52:51","modified_gmt":"2024-09-25T10:52:51","slug":"quality-control","status":"publish","type":"page","link":"https:\/\/aseelie.com\/de\/quality-control\/","title":{"rendered":"Qualit\u00e4t"},"content":{"rendered":"\t\t<div data-elementor-type=\"wp-page\" data-elementor-id=\"4058\" class=\"elementor elementor-4058 elementor-1874\">\n\t\t\t\t\t\t<section class=\"elementor-section elementor-top-section elementor-element elementor-element-bd0ab5f elementor-section-content-middle elementor-section-boxed elementor-section-height-default elementor-section-height-default\" data-id=\"bd0ab5f\" data-element_type=\"section\" data-e-type=\"section\" data-settings=\"{&quot;background_background&quot;:&quot;classic&quot;}\">\n\t\t\t\t\t\t<div class=\"elementor-container elementor-column-gap-default\">\n\t\t\t\t\t<div class=\"elementor-column elementor-col-50 elementor-top-column elementor-element elementor-element-ee83dba\" data-id=\"ee83dba\" data-element_type=\"column\" data-e-type=\"column\">\n\t\t\t<div class=\"elementor-widget-wrap elementor-element-populated\">\n\t\t\t\t\t\t<div class=\"elementor-element elementor-element-1c47d14 elementor-widget elementor-widget-cz_image\" data-id=\"1c47d14\" data-element_type=\"widget\" data-e-type=\"widget\" data-widget_type=\"cz_image.default\">\n\t\t\t\t<div class=\"elementor-widget-container\">\n\t\t\t\t\t\r\n\t\t<div class=\"cz_image clr cz_image_no_fx center_on_mobile\">\r\n\r\n\t\t\t<div>\r\n\r\n\t\t\t\t<div class=\"cz_image_in\" data-tilt>\r\n\r\n\t\t\t\t\t<div class=\"cz_main_image\"><img fetchpriority=\"high\" decoding=\"async\" width=\"1060\" height=\"706\" src=\"data:image\/svg+xml,%3Csvg%20xmlns%3D&#39;http%3A%2F%2Fwww.w3.org%2F2000%2Fsvg&#39;%20width=&#39;1060&#39;%20height=&#39;706&#39;%20viewBox%3D&#39;0%200%201060%20706&#39;%2F%3E\" data-czlz data-src=\"https:\/\/aseelie.com\/wp-content\/uploads\/2024\/09\/plants-being-planted-greenhouse_273609-14257.jpg\" class=\"attachment-full size-full wp-image-3342\" alt=\"\" data-srcset=\"https:\/\/aseelie.com\/wp-content\/uploads\/2024\/09\/plants-being-planted-greenhouse_273609-14257.jpg 1060w, https:\/\/aseelie.com\/wp-content\/uploads\/2024\/09\/plants-being-planted-greenhouse_273609-14257-300x200.jpg 300w, https:\/\/aseelie.com\/wp-content\/uploads\/2024\/09\/plants-being-planted-greenhouse_273609-14257-1024x682.jpg 1024w, https:\/\/aseelie.com\/wp-content\/uploads\/2024\/09\/plants-being-planted-greenhouse_273609-14257-768x512.jpg 768w, https:\/\/aseelie.com\/wp-content\/uploads\/2024\/09\/plants-being-planted-greenhouse_273609-14257-600x400.jpg 600w\" data-sizes=\"(max-width: 1060px) 100vw, 1060px\" \/><\/div>\r\n\r\n\t\t\t\t\t<div class=\"cz_hover_image\"><img fetchpriority=\"high\" decoding=\"async\" width=\"1060\" height=\"706\" src=\"data:image\/svg+xml,%3Csvg%20xmlns%3D&#39;http%3A%2F%2Fwww.w3.org%2F2000%2Fsvg&#39;%20width=&#39;1060&#39;%20height=&#39;706&#39;%20viewBox%3D&#39;0%200%201060%20706&#39;%2F%3E\" data-czlz data-src=\"https:\/\/aseelie.com\/wp-content\/uploads\/2024\/09\/plants-being-planted-greenhouse_273609-14257.jpg\" class=\"attachment-full size-full wp-image-3342\" alt=\"\" data-srcset=\"https:\/\/aseelie.com\/wp-content\/uploads\/2024\/09\/plants-being-planted-greenhouse_273609-14257.jpg 1060w, https:\/\/aseelie.com\/wp-content\/uploads\/2024\/09\/plants-being-planted-greenhouse_273609-14257-300x200.jpg 300w, https:\/\/aseelie.com\/wp-content\/uploads\/2024\/09\/plants-being-planted-greenhouse_273609-14257-1024x682.jpg 1024w, https:\/\/aseelie.com\/wp-content\/uploads\/2024\/09\/plants-being-planted-greenhouse_273609-14257-768x512.jpg 768w, https:\/\/aseelie.com\/wp-content\/uploads\/2024\/09\/plants-being-planted-greenhouse_273609-14257-600x400.jpg 600w\" data-sizes=\"(max-width: 1060px) 100vw, 1060px\" \/><\/div>\r\n\t\t\t\t<\/div>\r\n\r\n\t\t\t\t\r\n\t\t\t<\/div>\r\n\r\n\t\t<\/div>\r\n\r\n\t\t\t\t\t\t<\/div>\n\t\t\t\t<\/div>\n\t\t\t\t\t<\/div>\n\t\t<\/div>\n\t\t\t\t<div class=\"elementor-column elementor-col-50 elementor-top-column elementor-element elementor-element-fd0fc2b\" data-id=\"fd0fc2b\" data-element_type=\"column\" data-e-type=\"column\">\n\t\t\t<div class=\"elementor-widget-wrap elementor-element-populated\">\n\t\t\t\t\t\t<div class=\"elementor-element elementor-element-d3a45be elementor-widget elementor-widget-cz_gap\" data-id=\"d3a45be\" data-element_type=\"widget\" data-e-type=\"widget\" data-widget_type=\"cz_gap.default\">\n\t\t\t\t<div class=\"elementor-widget-container\">\n\t\t\t\t\t<div class=\"cz_gap clr\"><\/div>\t\t\t\t<\/div>\n\t\t\t\t<\/div>\n\t\t\t\t<div class=\"elementor-element elementor-element-f62c859 elementor-widget elementor-widget-cz_title\" data-id=\"f62c859\" data-element_type=\"widget\" data-e-type=\"widget\" data-widget_type=\"cz_title.default\">\n\t\t\t\t<div class=\"elementor-widget-container\">\n\t\t\t\t\t\t\r\n\t\t<div>\r\n\t\t\t<div class=\"cz_title clr cz_mobile_text_center cz_title_pos_inline\"><div class=\"cz_title_content\"><div class=\"cz_wpe_content\"><h3><span style=\"font-size: 36px;\">Qualit\u00e4ts-<span class=\"cz_highlight_1\" style=\"color: #f57e20;\">Standards<\/span><\/span><\/h3><\/div><\/div><\/div>\r\n\t\t<\/div>\r\n\t\t\r\n\t\t\t\t\t\t<\/div>\n\t\t\t\t<\/div>\n\t\t\t\t<div class=\"elementor-element elementor-element-8317bf4 elementor-widget elementor-widget-cz_title\" data-id=\"8317bf4\" data-element_type=\"widget\" data-e-type=\"widget\" data-widget_type=\"cz_title.default\">\n\t\t\t\t<div class=\"elementor-widget-container\">\n\t\t\t\t\t\t\r\n\t\t<div>\r\n\t\t\t<div class=\"cz_title clr cz_mobile_text_center cz_title_pos_inline\"><div class=\"cz_title_content\"><div class=\"cz_wpe_content\"><span style=\"color: #666666;\">Wir unterhalten ein umfassendes R\u00fcckverfolgbarkeitssystem, das die Produktidentifikation vom Anbau bis zum Verzehr gew\u00e4hrleistet. Unsere Manager \u00fcberwachen jede Phase der Lieferkette, einschlie\u00dflich Anbau, Ernte, Verarbeitung, Verpackung und Export. Dies erg\u00e4nzt regelm\u00e4\u00dfige Inspektionen, um die Einhaltung der Vorschriften f\u00fcr den \u00f6kologischen Landbau sicherzustellen.<\/span>\n\n&nbsp;<\/div><\/div><\/div>\r\n\t\t<\/div>\r\n\t\t\r\n\t\t\t\t\t\t<\/div>\n\t\t\t\t<\/div>\n\t\t\t\t<div class=\"elementor-element elementor-element-53238a3 elementor-widget elementor-widget-cz_stylish_list\" data-id=\"53238a3\" data-element_type=\"widget\" data-e-type=\"widget\" data-widget_type=\"cz_stylish_list.default\">\n\t\t\t\t<div class=\"elementor-widget-container\">\n\t\t\t\t\t<ul class=\"cz_stylish_list clr cz_sl_icon_hover_zoom_out_fade\"><li class=\"elementor-repeater-item-ec2feb6 clr\"><div class=\"cz_sl_icon\"><i class=\"mr10 fa czico-104-tick\"><\/i><\/div><div><span>Qualit\u00e4t<\/span><\/div><\/li><li class=\"elementor-repeater-item-0a6305d clr\"><div class=\"cz_sl_icon\"><i class=\"mr10 fa czico-104-tick\"><\/i><\/div><div><span>Testen<\/span><\/div><\/li><li class=\"elementor-repeater-item-6477430 clr\"><div class=\"cz_sl_icon\"><i class=\"mr10 fa czico-104-tick\"><\/i><\/div><div><span>Sicherheit<\/span><\/div><\/li><\/ul>\t\t\t\t<\/div>\n\t\t\t\t<\/div>\n\t\t\t\t\t<\/div>\n\t\t<\/div>\n\t\t\t\t\t<\/div>\n\t\t<\/section>\n\t\t\t\t<section class=\"elementor-section elementor-top-section elementor-element elementor-element-ad14fa0 elementor-section-stretched elementor-section-boxed elementor-section-height-default elementor-section-height-default\" data-id=\"ad14fa0\" data-element_type=\"section\" data-e-type=\"section\" data-settings=\"{&quot;stretch_section&quot;:&quot;section-stretched&quot;,&quot;background_background&quot;:&quot;classic&quot;}\">\n\t\t\t\t\t\t<div class=\"elementor-container elementor-column-gap-default\">\n\t\t\t\t\t<div class=\"elementor-column elementor-col-100 elementor-top-column elementor-element elementor-element-bfb5985\" data-id=\"bfb5985\" data-element_type=\"column\" data-e-type=\"column\">\n\t\t\t<div class=\"elementor-widget-wrap elementor-element-populated\">\n\t\t\t\t\t\t<div class=\"elementor-element elementor-element-5cd0bcc elementor-widget elementor-widget-cz_gap\" data-id=\"5cd0bcc\" data-element_type=\"widget\" data-e-type=\"widget\" data-widget_type=\"cz_gap.default\">\n\t\t\t\t<div class=\"elementor-widget-container\">\n\t\t\t\t\t<div class=\"cz_gap clr\"><\/div>\t\t\t\t<\/div>\n\t\t\t\t<\/div>\n\t\t\t\t<div class=\"elementor-element elementor-element-4f8f335 elementor-widget elementor-widget-cz_title\" data-id=\"4f8f335\" data-element_type=\"widget\" data-e-type=\"widget\" data-widget_type=\"cz_title.default\">\n\t\t\t\t<div class=\"elementor-widget-container\">\n\t\t\t\t\t\t\r\n\t\t<div>\r\n\t\t\t<div class=\"cz_title clr cz_mobile_text_center cz_title_pos_inline tac\"><div class=\"cz_title_content\"><div class=\"cz_wpe_content\"><h3 style=\"text-align: center;\"><span style=\"font-size: 44px; color: #f57e20;\">Qualit\u00e4t, Pr\u00fcfung, Sicherung.<\/span><\/h3>\n<div style=\"text-align: center; line-height: 2;\">\n\n<span style=\"font-size: 18px; color: #fff;\">Wir sichern Qualit\u00e4t durch strenge Standards, umfassende Pr\u00fcfungen und akkreditierte Untersuchungen vom Anbau bis zur Verpackung.<\/span>\n\n&nbsp;\n\n<\/div><\/div><\/div><\/div>\r\n\t\t<\/div>\r\n\t\t\r\n\t\t\t\t\t\t<\/div>\n\t\t\t\t<\/div>\n\t\t\t\t<div class=\"elementor-element elementor-element-201d9cb elementor-widget elementor-widget-cz_gap\" data-id=\"201d9cb\" data-element_type=\"widget\" data-e-type=\"widget\" data-widget_type=\"cz_gap.default\">\n\t\t\t\t<div class=\"elementor-widget-container\">\n\t\t\t\t\t<div class=\"cz_gap clr\"><\/div>\t\t\t\t<\/div>\n\t\t\t\t<\/div>\n\t\t\t\t\t<\/div>\n\t\t<\/div>\n\t\t\t\t\t<\/div>\n\t\t<\/section>\n\t\t\t\t<section class=\"elementor-section elementor-top-section elementor-element elementor-element-72bb8c8 elementor-section-boxed elementor-section-height-default elementor-section-height-default\" data-id=\"72bb8c8\" data-element_type=\"section\" data-e-type=\"section\" data-settings=\"{&quot;background_background&quot;:&quot;classic&quot;}\">\n\t\t\t\t\t\t<div class=\"elementor-container elementor-column-gap-wider\">\n\t\t\t\t\t<div class=\"elementor-column elementor-col-33 elementor-top-column elementor-element elementor-element-3af4dd7\" data-id=\"3af4dd7\" data-element_type=\"column\" data-e-type=\"column\">\n\t\t\t<div class=\"elementor-widget-wrap elementor-element-populated\">\n\t\t\t\t\t\t<div class=\"elementor-element elementor-element-84189dd elementor-widget elementor-widget-cz_title\" data-id=\"84189dd\" data-element_type=\"widget\" data-e-type=\"widget\" data-widget_type=\"cz_title.default\">\n\t\t\t\t<div class=\"elementor-widget-container\">\n\t\t\t\t\t\t\r\n\t\t<div>\r\n\t\t\t<div class=\"cz_title clr cz_mobile_text_center cz_title_has_icon cz_title_pos_inline\"><div class=\"cz_title_content\"><span class=\"cz_title_icon_before cz_title_image\"><img decoding=\"async\" width=\"150\" height=\"150\" src=\"data:image\/svg+xml,%3Csvg%20xmlns%3D&#39;http%3A%2F%2Fwww.w3.org%2F2000%2Fsvg&#39;%20width=&#39;150&#39;%20height=&#39;150&#39;%20viewBox%3D&#39;0%200%20150%20150&#39;%2F%3E\" data-czlz data-src=\"https:\/\/aseelie.com\/wp-content\/uploads\/2024\/09\/best-seller-150x150.png\" class=\"attachment-thumbnail size-thumbnail wp-image-3090\" alt=\"\" data-srcset=\"https:\/\/aseelie.com\/wp-content\/uploads\/2024\/09\/best-seller-150x150.png 150w, https:\/\/aseelie.com\/wp-content\/uploads\/2024\/09\/best-seller-300x300.png 300w, https:\/\/aseelie.com\/wp-content\/uploads\/2024\/09\/best-seller.png 512w\" data-sizes=\"(max-width: 150px) 100vw, 150px\" \/><\/span><div class=\"cz_wpe_content\"><h3><span class=\"cz_highlight_1\" style=\"font-size: 36px;\">Qualit\u00e4t<\/span><\/h3>\nHier sind einige unserer Qualit\u00e4tsstandards<\/div><\/div><\/div>\r\n\t\t<\/div>\r\n\t\t\r\n\t\t\t\t\t\t<\/div>\n\t\t\t\t<\/div>\n\t\t\t\t<div class=\"elementor-element elementor-element-b456182 elementor-widget elementor-widget-cz_stylish_list\" data-id=\"b456182\" data-element_type=\"widget\" data-e-type=\"widget\" data-widget_type=\"cz_stylish_list.default\">\n\t\t\t\t<div class=\"elementor-widget-container\">\n\t\t\t\t\t<ul class=\"cz_stylish_list clr cz_sl_icon_hover_zoom_out_fade\"><li class=\"elementor-repeater-item-ec2feb6 clr\"><div class=\"cz_sl_icon\"><i class=\"mr10 fa czico-104-tick\"><\/i><\/div><div><span>Trennung organischer und anorganischer Produkte<\/span><\/div><\/li><li class=\"elementor-repeater-item-0a6305d clr\"><div class=\"cz_sl_icon\"><i class=\"mr10 fa czico-104-tick\"><\/i><\/div><div><span>Metalldetektion<\/span><\/div><\/li><li class=\"elementor-repeater-item-6477430 clr\"><div class=\"cz_sl_icon\"><i class=\"mr10 fa czico-104-tick\"><\/i><\/div><div><span>Inhalt f\u00fcr P.A<\/span><\/div><\/li><li class=\"elementor-repeater-item-e8c9330 clr\"><div class=\"cz_sl_icon\"><i class=\"mr10 fa czico-104-tick\"><\/i><\/div><div><span>Analyse im Labor<\/span><\/div><\/li><li class=\"elementor-repeater-item-3d95576 clr\"><div class=\"cz_sl_icon\"><i class=\"mr10 fa czico-104-tick\"><\/i><\/div><div><span>Prozesskontrolle<\/span><\/div><\/li><li class=\"elementor-repeater-item-f196b44 clr\"><div class=\"cz_sl_icon\"><i class=\"mr10 fa czico-104-tick\"><\/i><\/div><div><span>Entfernen Sie alle Spuren von Insekten<\/span><\/div><\/li><li class=\"elementor-repeater-item-33e80bc clr\"><div class=\"cz_sl_icon\"><i class=\"mr10 fa czico-104-tick\"><\/i><\/div><div><span>Verpackt in sicheren, umweltfreundlichen Beh\u00e4ltern<\/span><\/div><\/li><\/ul>\t\t\t\t<\/div>\n\t\t\t\t<\/div>\n\t\t\t\t\t<\/div>\n\t\t<\/div>\n\t\t\t\t<div class=\"elementor-column elementor-col-33 elementor-top-column elementor-element elementor-element-d233d3f\" data-id=\"d233d3f\" data-element_type=\"column\" data-e-type=\"column\">\n\t\t\t<div class=\"elementor-widget-wrap elementor-element-populated\">\n\t\t\t\t\t\t<div class=\"elementor-element elementor-element-9a0e9a9 elementor-widget elementor-widget-cz_title\" data-id=\"9a0e9a9\" data-element_type=\"widget\" data-e-type=\"widget\" data-widget_type=\"cz_title.default\">\n\t\t\t\t<div class=\"elementor-widget-container\">\n\t\t\t\t\t\t\r\n\t\t<div>\r\n\t\t\t<div class=\"cz_title clr cz_mobile_text_center cz_title_has_icon cz_title_pos_inline\"><div class=\"cz_title_content\"><span class=\"cz_title_icon_before cz_title_image\"><img decoding=\"async\" width=\"150\" height=\"150\" src=\"data:image\/svg+xml,%3Csvg%20xmlns%3D&#39;http%3A%2F%2Fwww.w3.org%2F2000%2Fsvg&#39;%20width=&#39;150&#39;%20height=&#39;150&#39;%20viewBox%3D&#39;0%200%20150%20150&#39;%2F%3E\" data-czlz data-src=\"https:\/\/aseelie.com\/wp-content\/uploads\/2024\/09\/search-150x150.png\" class=\"attachment-thumbnail size-thumbnail wp-image-3328\" alt=\"\" data-srcset=\"https:\/\/aseelie.com\/wp-content\/uploads\/2024\/09\/search-150x150.png 150w, https:\/\/aseelie.com\/wp-content\/uploads\/2024\/09\/search-300x300.png 300w, https:\/\/aseelie.com\/wp-content\/uploads\/2024\/09\/search.png 512w\" data-sizes=\"(max-width: 150px) 100vw, 150px\" \/><\/span><div class=\"cz_wpe_content\"><h3><span class=\"cz_highlight_1\" style=\"font-size: 36px;\">Tests<\/span><\/h3>\nWir \u00fcberwachen die Produktion durch diese Tests und Inspektionen.<\/div><\/div><\/div>\r\n\t\t<\/div>\r\n\t\t\r\n\t\t\t\t\t\t<\/div>\n\t\t\t\t<\/div>\n\t\t\t\t<div class=\"elementor-element elementor-element-9b5b830 elementor-widget elementor-widget-cz_stylish_list\" data-id=\"9b5b830\" data-element_type=\"widget\" data-e-type=\"widget\" data-widget_type=\"cz_stylish_list.default\">\n\t\t\t\t<div class=\"elementor-widget-container\">\n\t\t\t\t\t<ul class=\"cz_stylish_list clr cz_sl_icon_hover_zoom_out_fade\"><li class=\"elementor-repeater-item-0a6305d clr\"><div class=\"cz_sl_icon\"><i class=\"mr10 fa czico-104-tick\"><\/i><\/div><div><span>Der Anteil an \u00d6l und Feuchtigkeit<\/span><\/div><\/li><li class=\"elementor-repeater-item-6477430 clr\"><div class=\"cz_sl_icon\"><i class=\"mr10 fa czico-104-tick\"><\/i><\/div><div><span>Gr\u00f6\u00dfe, Farbe, Duft und Geschmack<\/span><\/div><\/li><li class=\"elementor-repeater-item-e8c9330 clr\"><div class=\"cz_sl_icon\"><i class=\"mr10 fa czico-104-tick\"><\/i><\/div><div><span>Pestizidr\u00fcckst\u00e4nde<\/span><\/div><\/li><li class=\"elementor-repeater-item-3d95576 clr\"><div class=\"cz_sl_icon\"><i class=\"mr10 fa czico-104-tick\"><\/i><\/div><div><span>Schimmel- und Insektenkrankheiten<\/span><\/div><\/li><li class=\"elementor-repeater-item-f196b44 clr\"><div class=\"cz_sl_icon\"><i class=\"mr10 fa czico-104-tick\"><\/i><\/div><div><span>Reinheit %<\/span><\/div><\/li><li class=\"elementor-repeater-item-b1f3e41 clr\"><div class=\"cz_sl_icon\"><i class=\"mr10 fa czico-104-tick\"><\/i><\/div><div><span>Untersuchen Sie das Verpackungsmaterial<\/span><\/div><\/li><li class=\"elementor-repeater-item-ec2feb6 clr\"><div class=\"cz_sl_icon\"><i class=\"mr10 fa czico-104-tick\"><\/i><\/div><div><span>Verfolgung des Produkts vom Beginn des Anbaus bis zur Unternehmensebene<\/span><\/div><\/li><\/ul>\t\t\t\t<\/div>\n\t\t\t\t<\/div>\n\t\t\t\t\t<\/div>\n\t\t<\/div>\n\t\t\t\t<div class=\"elementor-column elementor-col-33 elementor-top-column elementor-element elementor-element-d6ad4ab\" data-id=\"d6ad4ab\" data-element_type=\"column\" data-e-type=\"column\">\n\t\t\t<div class=\"elementor-widget-wrap elementor-element-populated\">\n\t\t\t\t\t\t<div class=\"elementor-element elementor-element-d2bfc8e elementor-widget elementor-widget-cz_title\" data-id=\"d2bfc8e\" data-element_type=\"widget\" data-e-type=\"widget\" data-widget_type=\"cz_title.default\">\n\t\t\t\t<div class=\"elementor-widget-container\">\n\t\t\t\t\t\t\r\n\t\t<div>\r\n\t\t\t<div class=\"cz_title clr cz_mobile_text_center cz_title_has_icon cz_title_pos_inline\"><div class=\"cz_title_content\"><span class=\"cz_title_icon_before cz_title_image\"><img loading=\"lazy\" decoding=\"async\" width=\"150\" height=\"150\" src=\"data:image\/svg+xml,%3Csvg%20xmlns%3D&#39;http%3A%2F%2Fwww.w3.org%2F2000%2Fsvg&#39;%20width=&#39;150&#39;%20height=&#39;150&#39;%20viewBox%3D&#39;0%200%20150%20150&#39;%2F%3E\" data-czlz data-src=\"https:\/\/aseelie.com\/wp-content\/uploads\/2024\/09\/guaranteed-150x150.png\" class=\"attachment-thumbnail size-thumbnail wp-image-3329\" alt=\"\" data-srcset=\"https:\/\/aseelie.com\/wp-content\/uploads\/2024\/09\/guaranteed-150x150.png 150w, https:\/\/aseelie.com\/wp-content\/uploads\/2024\/09\/guaranteed-300x300.png 300w, https:\/\/aseelie.com\/wp-content\/uploads\/2024\/09\/guaranteed.png 512w\" data-sizes=\"(max-width: 150px) 100vw, 150px\" \/><\/span><div class=\"cz_wpe_content\"><h3><span class=\"cz_highlight_1\" style=\"font-size: 36px;\">Versicherung<\/span><\/h3>\nUnsere akkreditierten Qualit\u00e4tssicherungspr\u00fcfungen<\/div><\/div><\/div>\r\n\t\t<\/div>\r\n\t\t\r\n\t\t\t\t\t\t<\/div>\n\t\t\t\t<\/div>\n\t\t\t\t<div class=\"elementor-element elementor-element-57ec128 elementor-widget elementor-widget-cz_stylish_list\" data-id=\"57ec128\" data-element_type=\"widget\" data-e-type=\"widget\" data-widget_type=\"cz_stylish_list.default\">\n\t\t\t\t<div class=\"elementor-widget-container\">\n\t\t\t\t\t<ul class=\"cz_stylish_list clr cz_sl_icon_hover_zoom_out_fade\"><li class=\"elementor-repeater-item-ec2feb6 clr\"><div class=\"cz_sl_icon\"><i class=\"mr10 fa czico-104-tick\"><\/i><\/div><div><span>Verfolgen Sie den Ursprung des Produkts<\/span><\/div><\/li><li class=\"elementor-repeater-item-0a6305d clr\"><div class=\"cz_sl_icon\"><i class=\"mr10 fa czico-104-tick\"><\/i><\/div><div><span>Pr\u00fcfungen mit den Sinnen<\/span><\/div><\/li><li class=\"elementor-repeater-item-6477430 clr\"><div class=\"cz_sl_icon\"><i class=\"mr10 fa czico-104-tick\"><\/i><\/div><div><span>Untersuchung von Fremdmaterial unter dem Mikroskop<\/span><\/div><\/li><li class=\"elementor-repeater-item-e8c9330 clr\"><div class=\"cz_sl_icon\"><i class=\"mr10 fa czico-104-tick\"><\/i><\/div><div><span>Untersuchung von Chemikalien<\/span><\/div><\/li><li class=\"elementor-repeater-item-3d95576 clr\"><div class=\"cz_sl_icon\"><i class=\"mr10 fa czico-104-tick\"><\/i><\/div><div><span>F\u00fchren Sie eine Analyse auf Schwermetalle durch<\/span><\/div><\/li><li class=\"elementor-repeater-item-f196b44 clr\"><div class=\"cz_sl_icon\"><i class=\"mr10 fa czico-104-tick\"><\/i><\/div><div><span>Untersuchung von Pestizidr\u00fcckst\u00e4nden<\/span><\/div><\/li><li class=\"elementor-repeater-item-bc97db7 clr\"><div class=\"cz_sl_icon\"><i class=\"mr10 fa czico-104-tick\"><\/i><\/div><div><span>Salmonellen-Mikroorganismus-Test<\/span><\/div><\/li><\/ul>\t\t\t\t<\/div>\n\t\t\t\t<\/div>\n\t\t\t\t\t<\/div>\n\t\t<\/div>\n\t\t\t\t\t<\/div>\n\t\t<\/section>\n\t\t\t\t<\/div>\n\t\t","protected":false},"excerpt":{"rendered":"<p>Qualit\u00e4ts-Standards Wir unterhalten ein umfassendes R\u00fcckverfolgbarkeitssystem, das die Produktidentifikation vom Anbau &#8230; <\/p>\n","protected":false},"author":1,"featured_media":0,"parent":0,"menu_order":0,"comment_status":"closed","ping_status":"closed","template":"","meta":{"footnotes":""},"class_list":["post-4058","page","type-page","status-publish","hentry"],"_links":{"self":[{"href":"https:\/\/aseelie.com\/de\/wp-json\/wp\/v2\/pages\/4058","targetHints":{"allow":["GET"]}}],"collection":[{"href":"https:\/\/aseelie.com\/de\/wp-json\/wp\/v2\/pages"}],"about":[{"href":"https:\/\/aseelie.com\/de\/wp-json\/wp\/v2\/types\/page"}],"author":[{"embeddable":true,"href":"https:\/\/aseelie.com\/de\/wp-json\/wp\/v2\/users\/1"}],"replies":[{"embeddable":true,"href":"https:\/\/aseelie.com\/de\/wp-json\/wp\/v2\/comments?post=4058"}],"version-history":[{"count":9,"href":"https:\/\/aseelie.com\/de\/wp-json\/wp\/v2\/pages\/4058\/revisions"}],"predecessor-version":[{"id":4868,"href":"https:\/\/aseelie.com\/de\/wp-json\/wp\/v2\/pages\/4058\/revisions\/4868"}],"wp:attachment":[{"href":"https:\/\/aseelie.com\/de\/wp-json\/wp\/v2\/media?parent=4058"}],"curies":[{"name":"wp","href":"https:\/\/api.w.org\/{rel}","templated":true}]}}